{"id":13603,"date":"2023-11-24T19:19:10","date_gmt":"2023-11-25T00:19:10","guid":{"rendered":"https:\/\/www.albaweddingsdesign.com\/?page_id=13603"},"modified":"2024-03-12T19:25:16","modified_gmt":"2024-03-13T00:25:16","slug":"galeria-planificador-de-bodas-en-playa-del-carmen","status":"publish","type":"page","link":"https:\/\/www.albaweddingsdesign.com\/es\/galeria-planificador-de-bodas-en-playa-del-carmen\/","title":{"rendered":"Galeria"},"content":{"rendered":"<p>[et_pb_section fb_built=\u00bb1&#8243; _builder_version=\u00bb4.22.1&#8243; _module_preset=\u00bbdefault\u00bb background_image=\u00bbhttps:\/\/www.albaweddingsdesign.com\/wp-content\/uploads\/2023\/09\/banner-gallery.jpg\u00bb height=\u00bb500px\u00bb locked=\u00bboff\u00bb global_colors_info=\u00bb{}\u00bb][\/et_pb_section][et_pb_section fb_built=\u00bb1&#8243; custom_padding_last_edited=\u00bbon|desktop\u00bb admin_label=\u00bbSecci\u00f3n\u00bb _builder_version=\u00bb4.22.1&#8243; background_color=\u00bb#efeeec\u00bb custom_padding=\u00bb0px|||\u00bb custom_padding_tablet=\u00bb50px|0|50px|0&#8243; custom_padding_phone=\u00bb\u00bb transparent_background=\u00bboff\u00bb padding_mobile=\u00bboff\u00bb make_fullwidth=\u00bboff\u00bb use_custom_width=\u00bboff\u00bb width_unit=\u00bbon\u00bb locked=\u00bboff\u00bb global_colors_info=\u00bb{}\u00bb][et_pb_row padding_mobile=\u00bboff\u00bb column_padding_mobile=\u00bbon\u00bb admin_label=\u00bbFila\u00bb _builder_version=\u00bb4.16&#8243; background_size=\u00bbinitial\u00bb background_position=\u00bbtop_left\u00bb background_repeat=\u00bbrepeat\u00bb custom_padding=\u00bb60px|25px||||\u00bb make_fullwidth=\u00bboff\u00bb use_custom_width=\u00bboff\u00bb width_unit=\u00bbon\u00bb global_colors_info=\u00bb{}\u00bb][et_pb_column type=\u00bb4_4&#8243; _builder_version=\u00bb4.16&#8243; custom_padding=\u00bb|||\u00bb global_colors_info=\u00bb{}\u00bb custom_padding__hover=\u00bb|||\u00bb][et_pb_text admin_label=\u00bbTexto\u00bb _builder_version=\u00bb4.22.1&#8243; text_font=\u00bbMiller Display||||||||\u00bb text_text_color=\u00bb#7f6e61&#8243; text_font_size=\u00bb26px\u00bb text_line_height=\u00bb46px\u00bb background_size=\u00bbinitial\u00bb background_position=\u00bbtop_left\u00bb background_repeat=\u00bbrepeat\u00bb text_orientation=\u00bbcenter\u00bb module_alignment=\u00bbcenter\u00bb use_border_color=\u00bboff\u00bb border_color=\u00bb#ffffff\u00bb border_style=\u00bbsolid\u00bb global_colors_info=\u00bb{}\u00bb]<\/p>\n<p>Galeria<\/p>\n<p>[\/et_pb_text][\/et_pb_column][\/et_pb_row][et_pb_row column_structure=\u00bb1_2,1_2&#8243; _builder_version=\u00bb4.22.1&#8243; _module_preset=\u00bbdefault\u00bb width=\u00bb100%\u00bb global_colors_info=\u00bb{}\u00bb][et_pb_column type=\u00bb1_2&#8243; _builder_version=\u00bb4.22.1&#8243; _module_preset=\u00bbdefault\u00bb global_colors_info=\u00bb{}\u00bb][et_pb_image src=\u00bbhttps:\/\/www.albaweddingsdesign.com\/wp-content\/uploads\/2023\/09\/gallery-6.jpg\u00bb title_text=\u00bbgallery-6&#8243; url=\u00bbhttps:\/\/www.albaweddingsdesign.com\/gallery\/alissa-vartan\/\u00bb align=\u00bbcenter\u00bb force_fullwidth=\u00bbon\u00bb align_last_edited=\u00bboff|desktop\u00bb _builder_version=\u00bb4.22.1&#8243; _module_preset=\u00bbdefault\u00bb module_alignment=\u00bbcenter\u00bb custom_margin=\u00bb|33px|-64px||false|false\u00bb custom_padding=\u00bb|0px||||\u00bb global_colors_info=\u00bb{}\u00bb][\/et_pb_image][et_pb_text _builder_version=\u00bb4.22.1&#8243; _module_preset=\u00bbdefault\u00bb text_font=\u00bbLato|300|||||||\u00bb text_text_color=\u00bb#FFFFFF\u00bb text_font_size=\u00bb20px\u00bb background_color=\u00bbrgba(0,0,0,0.5)\u00bb custom_margin=\u00bb|1px||||\u00bb custom_padding=\u00bb20px|20px|20px|20px|false|true\u00bb link_option_url=\u00bbhttps:\/\/www.albaweddingsdesign.com\/gallery\/alissa-vartan\/\u00bb border_radii=\u00bbon|10px|10px|10px|10px\u00bb global_colors_info=\u00bb{}\u00bb]<\/p>\n<p>Alissa + Vartan<\/p>\n<p>[\/et_pb_text][\/et_pb_column][et_pb_column type=\u00bb1_2&#8243; _builder_version=\u00bb4.22.1&#8243; _module_preset=\u00bbdefault\u00bb global_colors_info=\u00bb{}\u00bb][et_pb_image src=\u00bbhttps:\/\/www.albaweddingsdesign.com\/wp-content\/uploads\/2023\/09\/gallery-1.jpg\u00bb title_text=\u00bbgallery-1&#8243; url=\u00bbhttps:\/\/www.albaweddingsdesign.com\/gallery\/ana-mateusz\/\u00bb align=\u00bbcenter\u00bb force_fullwidth=\u00bbon\u00bb _builder_version=\u00bb4.22.1&#8243; _module_preset=\u00bbdefault\u00bb custom_margin=\u00bb|33px|-64px||false|false\u00bb global_colors_info=\u00bb{}\u00bb][\/et_pb_image][et_pb_text _builder_version=\u00bb4.22.1&#8243; _module_preset=\u00bbdefault\u00bb text_font=\u00bbLato|300|||||||\u00bb text_text_color=\u00bb#FFFFFF\u00bb text_font_size=\u00bb20px\u00bb background_color=\u00bbrgba(0,0,0,0.5)\u00bb custom_padding=\u00bb20px|20px|20px|20px|false|true\u00bb border_radii=\u00bbon|10px|10px|10px|10px\u00bb global_colors_info=\u00bb{}\u00bb]<\/p>\n<p>Ana + Mateusz<\/p>\n<p>[\/et_pb_text][\/et_pb_column][\/et_pb_row][et_pb_row column_structure=\u00bb1_2,1_2&#8243; _builder_version=\u00bb4.22.1&#8243; _module_preset=\u00bbdefault\u00bb width=\u00bb100%\u00bb global_colors_info=\u00bb{}\u00bb][et_pb_column type=\u00bb1_2&#8243; _builder_version=\u00bb4.22.1&#8243; _module_preset=\u00bbdefault\u00bb global_colors_info=\u00bb{}\u00bb][et_pb_image src=\u00bbhttps:\/\/www.albaweddingsdesign.com\/wp-content\/uploads\/2023\/09\/gallery-2.jpg\u00bb title_text=\u00bbgallery-2&#8243; url=\u00bbhttps:\/\/www.albaweddingsdesign.com\/gallery\/ashley-james\u00bb align=\u00bbcenter\u00bb force_fullwidth=\u00bbon\u00bb align_last_edited=\u00bboff|desktop\u00bb _builder_version=\u00bb4.22.1&#8243; _module_preset=\u00bbdefault\u00bb module_alignment=\u00bbcenter\u00bb custom_margin=\u00bb|33px|-64px||false|false\u00bb custom_padding=\u00bb|0px||||\u00bb global_colors_info=\u00bb{}\u00bb][\/et_pb_image][et_pb_text _builder_version=\u00bb4.22.1&#8243; _module_preset=\u00bbdefault\u00bb text_font=\u00bbLato|300|||||||\u00bb text_text_color=\u00bb#FFFFFF\u00bb text_font_size=\u00bb20px\u00bb background_color=\u00bbrgba(0,0,0,0.5)\u00bb custom_margin=\u00bb|1px||||\u00bb custom_padding=\u00bb20px|20px|20px|20px|false|true\u00bb border_radii=\u00bbon|10px|10px|10px|10px\u00bb global_colors_info=\u00bb{}\u00bb]<\/p>\n<p>Ashley + James<\/p>\n<p>[\/et_pb_text][\/et_pb_column][et_pb_column type=\u00bb1_2&#8243; _builder_version=\u00bb4.22.1&#8243; _module_preset=\u00bbdefault\u00bb global_colors_info=\u00bb{}\u00bb][et_pb_image src=\u00bbhttps:\/\/www.albaweddingsdesign.com\/wp-content\/uploads\/2023\/09\/gallery-3.jpg\u00bb title_text=\u00bbgallery-3&#8243; url=\u00bbhttps:\/\/www.albaweddingsdesign.com\/gallery\/daisy-adrian\u00bb align=\u00bbcenter\u00bb force_fullwidth=\u00bbon\u00bb _builder_version=\u00bb4.22.1&#8243; _module_preset=\u00bbdefault\u00bb custom_margin=\u00bb|33px|-64px||false|false\u00bb global_colors_info=\u00bb{}\u00bb][\/et_pb_image][et_pb_text _builder_version=\u00bb4.22.1&#8243; _module_preset=\u00bbdefault\u00bb text_font=\u00bbLato|300|||||||\u00bb text_text_color=\u00bb#FFFFFF\u00bb text_font_size=\u00bb20px\u00bb background_color=\u00bbrgba(0,0,0,0.5)\u00bb custom_padding=\u00bb20px|20px|20px|20px|false|true\u00bb border_radii=\u00bbon|10px|10px|10px|10px\u00bb global_colors_info=\u00bb{}\u00bb]<\/p>\n<p>Daisy + Adrian<\/p>\n<p>[\/et_pb_text][\/et_pb_column][\/et_pb_row][et_pb_row column_structure=\u00bb1_2,1_2&#8243; _builder_version=\u00bb4.22.1&#8243; _module_preset=\u00bbdefault\u00bb width=\u00bb100%\u00bb global_colors_info=\u00bb{}\u00bb][et_pb_column type=\u00bb1_2&#8243; _builder_version=\u00bb4.22.1&#8243; _module_preset=\u00bbdefault\u00bb global_colors_info=\u00bb{}\u00bb][et_pb_image src=\u00bbhttps:\/\/www.albaweddingsdesign.com\/wp-content\/uploads\/2023\/09\/gallery-4.jpg\u00bb title_text=\u00bbgallery-4&#8243; url=\u00bbhttps:\/\/www.albaweddingsdesign.com\/gallery\/patricia-ernesto\u00bb align=\u00bbcenter\u00bb force_fullwidth=\u00bbon\u00bb align_last_edited=\u00bboff|desktop\u00bb _builder_version=\u00bb4.22.1&#8243; _module_preset=\u00bbdefault\u00bb module_alignment=\u00bbcenter\u00bb custom_margin=\u00bb|33px|-64px||false|false\u00bb custom_padding=\u00bb|0px||||\u00bb global_colors_info=\u00bb{}\u00bb][\/et_pb_image][et_pb_text _builder_version=\u00bb4.22.1&#8243; _module_preset=\u00bbdefault\u00bb text_font=\u00bbLato|300|||||||\u00bb text_text_color=\u00bb#FFFFFF\u00bb text_font_size=\u00bb20px\u00bb background_color=\u00bbrgba(0,0,0,0.5)\u00bb custom_margin=\u00bb|1px||||\u00bb custom_padding=\u00bb20px|20px|20px|20px|false|true\u00bb border_radii=\u00bbon|10px|10px|10px|10px\u00bb global_colors_info=\u00bb{}\u00bb]<\/p>\n<p>Patricia + Ernesto<\/p>\n<p>[\/et_pb_text][\/et_pb_column][et_pb_column type=\u00bb1_2&#8243; _builder_version=\u00bb4.22.1&#8243; _module_preset=\u00bbdefault\u00bb global_colors_info=\u00bb{}\u00bb][et_pb_image src=\u00bbhttps:\/\/www.albaweddingsdesign.com\/wp-content\/uploads\/2023\/09\/gallery-5.jpg\u00bb title_text=\u00bbgallery-5&#8243; url=\u00bbhttps:\/\/www.albaweddingsdesign.com\/gallery\/the-ruedas\u00bb align=\u00bbcenter\u00bb force_fullwidth=\u00bbon\u00bb _builder_version=\u00bb4.22.1&#8243; _module_preset=\u00bbdefault\u00bb custom_margin=\u00bb|33px|-64px||false|false\u00bb global_colors_info=\u00bb{}\u00bb][\/et_pb_image][et_pb_text _builder_version=\u00bb4.22.1&#8243; _module_preset=\u00bbdefault\u00bb text_font=\u00bbLato|300|||||||\u00bb text_text_color=\u00bb#FFFFFF\u00bb text_font_size=\u00bb20px\u00bb background_color=\u00bbrgba(0,0,0,0.5)\u00bb custom_padding=\u00bb20px|20px|20px|20px|false|true\u00bb border_radii=\u00bbon|10px|10px|10px|10px\u00bb global_colors_info=\u00bb{}\u00bb]<\/p>\n<p>The Ruedas<\/p>\n<p>[\/et_pb_text][\/et_pb_column][\/et_pb_row][et_pb_row column_structure=\u00bb1_2,1_2&#8243; _builder_version=\u00bb4.22.1&#8243; _module_preset=\u00bbdefault\u00bb width=\u00bb100%\u00bb global_colors_info=\u00bb{}\u00bb][et_pb_column type=\u00bb1_2&#8243; _builder_version=\u00bb4.22.1&#8243; _module_preset=\u00bbdefault\u00bb global_colors_info=\u00bb{}\u00bb][et_pb_image src=\u00bbhttps:\/\/www.albaweddingsdesign.com\/wp-content\/uploads\/2023\/10\/Cesar-Lisa-Portada.jpg\u00bb title_text=\u00bbCesar-Lisa-Portada\u00bb url=\u00bbhttps:\/\/www.albaweddingsdesign.com\/gallery\/cesar-lisa\u00bb align=\u00bbcenter\u00bb force_fullwidth=\u00bbon\u00bb align_last_edited=\u00bboff|desktop\u00bb _builder_version=\u00bb4.22.1&#8243; _module_preset=\u00bbdefault\u00bb module_alignment=\u00bbcenter\u00bb custom_margin=\u00bb|33px|-64px||false|false\u00bb custom_padding=\u00bb|0px||||\u00bb border_radii=\u00bbon|10px|10px|10px|10px\u00bb global_colors_info=\u00bb{}\u00bb][\/et_pb_image][et_pb_text _builder_version=\u00bb4.22.1&#8243; _module_preset=\u00bbdefault\u00bb text_font=\u00bbLato|300|||||||\u00bb text_text_color=\u00bb#FFFFFF\u00bb text_font_size=\u00bb20px\u00bb background_color=\u00bbrgba(0,0,0,0.5)\u00bb custom_margin=\u00bb|1px||||\u00bb custom_padding=\u00bb20px|20px|20px|20px|false|true\u00bb border_radii=\u00bbon|10px|10px|10px|10px\u00bb global_colors_info=\u00bb{}\u00bb]<\/p>\n<p>Cesar + Lisa<\/p>\n<p>[\/et_pb_text][\/et_pb_column][et_pb_column type=\u00bb1_2&#8243; _builder_version=\u00bb4.22.1&#8243; _module_preset=\u00bbdefault\u00bb global_colors_info=\u00bb{}\u00bb][et_pb_image src=\u00bbhttps:\/\/www.albaweddingsdesign.com\/wp-content\/uploads\/2023\/10\/David-Christian-Portada.jpg\u00bb title_text=\u00bbDavid-Christian-Portada\u00bb url=\u00bbhttps:\/\/www.albaweddingsdesign.com\/gallery\/david-christian\u00bb align=\u00bbcenter\u00bb force_fullwidth=\u00bbon\u00bb _builder_version=\u00bb4.22.1&#8243; _module_preset=\u00bbdefault\u00bb custom_margin=\u00bb|33px|-64px||false|false\u00bb border_radii=\u00bbon|10px|10px|10px|10px\u00bb global_colors_info=\u00bb{}\u00bb][\/et_pb_image][et_pb_text _builder_version=\u00bb4.22.1&#8243; _module_preset=\u00bbdefault\u00bb text_font=\u00bbLato|300|||||||\u00bb text_text_color=\u00bb#FFFFFF\u00bb text_font_size=\u00bb20px\u00bb background_color=\u00bbrgba(0,0,0,0.5)\u00bb custom_padding=\u00bb20px|20px|20px|20px|false|true\u00bb border_radii=\u00bbon|10px|10px|10px|10px\u00bb global_colors_info=\u00bb{}\u00bb]<\/p>\n<p>David + Christian<\/p>\n<p>[\/et_pb_text][\/et_pb_column][\/et_pb_row][et_pb_row column_structure=\u00bb1_2,1_2&#8243; _builder_version=\u00bb4.22.1&#8243; _module_preset=\u00bbdefault\u00bb width=\u00bb100%\u00bb global_colors_info=\u00bb{}\u00bb][et_pb_column type=\u00bb1_2&#8243; _builder_version=\u00bb4.22.1&#8243; _module_preset=\u00bbdefault\u00bb global_colors_info=\u00bb{}\u00bb][et_pb_image src=\u00bbhttps:\/\/www.albaweddingsdesign.com\/wp-content\/uploads\/2023\/10\/Gabriela-Shane-Portada.jpg\u00bb title_text=\u00bbGabriela + Shane-Portada\u00bb url=\u00bbhttps:\/\/www.albaweddingsdesign.com\/gallery\/gabriela-shane\/\u00bb align=\u00bbcenter\u00bb force_fullwidth=\u00bbon\u00bb align_last_edited=\u00bboff|desktop\u00bb _builder_version=\u00bb4.22.1&#8243; _module_preset=\u00bbdefault\u00bb module_alignment=\u00bbcenter\u00bb custom_margin=\u00bb|33px|-64px||false|false\u00bb custom_padding=\u00bb|0px||||\u00bb border_radii=\u00bbon|10px|10px|10px|10px\u00bb global_colors_info=\u00bb{}\u00bb][\/et_pb_image][et_pb_text _builder_version=\u00bb4.22.1&#8243; _module_preset=\u00bbdefault\u00bb text_font=\u00bbLato|300|||||||\u00bb text_text_color=\u00bb#FFFFFF\u00bb text_font_size=\u00bb20px\u00bb background_color=\u00bbrgba(0,0,0,0.5)\u00bb custom_margin=\u00bb|1px||||\u00bb custom_padding=\u00bb20px|20px|20px|20px|false|true\u00bb border_radii=\u00bbon|10px|10px|10px|10px\u00bb global_colors_info=\u00bb{}\u00bb]<\/p>\n<p>Gabriela + Shane<\/p>\n<p>[\/et_pb_text][\/et_pb_column][et_pb_column type=\u00bb1_2&#8243; _builder_version=\u00bb4.22.1&#8243; _module_preset=\u00bbdefault\u00bb global_colors_info=\u00bb{}\u00bb][et_pb_image src=\u00bbhttps:\/\/www.albaweddingsdesign.com\/wp-content\/uploads\/2023\/10\/photo-Portada.jpg\u00bb title_text=\u00bbphoto-Portada\u00bb url=\u00bbhttps:\/\/www.albaweddingsdesign.com\/gallery\/mayra-felix\/\u00bb align=\u00bbcenter\u00bb force_fullwidth=\u00bbon\u00bb _builder_version=\u00bb4.22.1&#8243; _module_preset=\u00bbdefault\u00bb custom_margin=\u00bb|33px|-64px||false|false\u00bb border_radii=\u00bbon|10px|10px|10px|10px\u00bb global_colors_info=\u00bb{}\u00bb][\/et_pb_image][et_pb_text _builder_version=\u00bb4.22.1&#8243; _module_preset=\u00bbdefault\u00bb text_font=\u00bbLato|300|||||||\u00bb text_text_color=\u00bb#FFFFFF\u00bb text_font_size=\u00bb20px\u00bb background_color=\u00bbrgba(0,0,0,0.5)\u00bb custom_padding=\u00bb20px|20px|20px|20px|false|true\u00bb border_radii=\u00bbon|10px|10px|10px|10px\u00bb global_colors_info=\u00bb{}\u00bb]<\/p>\n<p>Mayra + Felix<\/p>\n<p>[\/et_pb_text][\/et_pb_column][\/et_pb_row][\/et_pb_section]<\/p>\n","protected":false},"excerpt":{"rendered":"<p>GaleriaAlissa + VartanAna + MateuszAshley + JamesDaisy + AdrianPatricia + ErnestoThe RuedasCesar + LisaDavid + ChristianGabriela + ShaneMayra + Felix<\/p>\n","protected":false},"author":2,"featured_media":0,"parent":0,"menu_order":0,"comment_status":"open","ping_status":"closed","template":"","meta":{"_et_pb_use_builder":"on","_et_pb_old_content":"","_et_gb_content_width":"","footnotes":""},"yoast_head":"<!-- This site is optimized with the Yoast SEO plugin v22.4 - https:\/\/yoast.com\/wordpress\/plugins\/seo\/ -->\n<title>Planificador de Bodas en la Riviera Maya - Nuestra Galeria<\/title>\n<meta name=\"description\" content=\"Somos un servicio de dise\u00f1o y planificaci\u00f3n de eventos con sede en la Riviera Maya, especializados en bodas de destino con estilo. Ofrecemos experiencias a medida y prestamos mucha atenci\u00f3n a cada detalle. Lo m\u00e1s importante es que priorizamos comprender su visi\u00f3n y garantizar una experiencia libre de estr\u00e9s. \u00a1Emb\u00e1rquemonos juntos en este viaje!\" \/>\n<meta name=\"robots\" content=\"index, follow, max-snippet:-1, max-image-preview:large, max-video-preview:-1\" \/>\n<link rel=\"canonical\" href=\"https:\/\/www.albaweddingsdesign.com\/es\/gallery-playa-del-carmen-wedding-planner\/\" \/>\n<meta property=\"og:locale\" content=\"es_ES\" \/>\n<meta property=\"og:type\" content=\"article\" \/>\n<meta property=\"og:title\" content=\"Planificador de Bodas en la Riviera Maya - Nuestra Galeria\" \/>\n<meta property=\"og:description\" content=\"Somos un servicio de dise\u00f1o y planificaci\u00f3n de eventos con sede en la Riviera Maya, especializados en bodas de destino con estilo. Ofrecemos experiencias a medida y prestamos mucha atenci\u00f3n a cada detalle. Lo m\u00e1s importante es que priorizamos comprender su visi\u00f3n y garantizar una experiencia libre de estr\u00e9s. \u00a1Emb\u00e1rquemonos juntos en este viaje!\" \/>\n<meta property=\"og:url\" content=\"https:\/\/www.albaweddingsdesign.com\/gallery-playa-del-carmen-wedding-planner\/\" \/>\n<meta property=\"og:site_name\" content=\"Alba Weddings Design: Your Wedding Planned Your Way In The Beautiful Riviera Maya Mexico\" \/>\n<meta property=\"article:publisher\" content=\"https:\/\/www.facebook.com\/albaweddingsdesign\" \/>\n<meta property=\"article:modified_time\" content=\"2024-03-13T00:25:16+00:00\" \/>\n<meta name=\"twitter:card\" content=\"summary_large_image\" \/>\n<meta name=\"twitter:label1\" content=\"Tiempo de lectura\" \/>\n\t<meta name=\"twitter:data1\" content=\"3 minutos\" \/>\n<!-- \/ Yoast SEO plugin. -->","yoast_head_json":{"title":"Planificador de Bodas en la Riviera Maya - Nuestra Galeria","description":"Somos un servicio de dise\u00f1o y planificaci\u00f3n de eventos con sede en la Riviera Maya, especializados en bodas de destino con estilo. Ofrecemos experiencias a medida y prestamos mucha atenci\u00f3n a cada detalle. Lo m\u00e1s importante es que priorizamos comprender su visi\u00f3n y garantizar una experiencia libre de estr\u00e9s. \u00a1Emb\u00e1rquemonos juntos en este viaje!","robots":{"index":"index","follow":"follow","max-snippet":"max-snippet:-1","max-image-preview":"max-image-preview:large","max-video-preview":"max-video-preview:-1"},"canonical":"https:\/\/www.albaweddingsdesign.com\/es\/gallery-playa-del-carmen-wedding-planner\/","og_locale":"es_ES","og_type":"article","og_title":"Planificador de Bodas en la Riviera Maya - Nuestra Galeria","og_description":"Somos un servicio de dise\u00f1o y planificaci\u00f3n de eventos con sede en la Riviera Maya, especializados en bodas de destino con estilo. Ofrecemos experiencias a medida y prestamos mucha atenci\u00f3n a cada detalle. Lo m\u00e1s importante es que priorizamos comprender su visi\u00f3n y garantizar una experiencia libre de estr\u00e9s. \u00a1Emb\u00e1rquemonos juntos en este viaje!","og_url":"https:\/\/www.albaweddingsdesign.com\/gallery-playa-del-carmen-wedding-planner\/","og_site_name":"Alba Weddings Design: Your Wedding Planned Your Way In The Beautiful Riviera Maya Mexico","article_publisher":"https:\/\/www.facebook.com\/albaweddingsdesign","article_modified_time":"2024-03-13T00:25:16+00:00","twitter_card":"summary_large_image","twitter_misc":{"Tiempo de lectura":"3 minutos"},"schema":{"@context":"https:\/\/schema.org","@graph":[{"@type":"WebPage","@id":"https:\/\/www.albaweddingsdesign.com\/gallery-playa-del-carmen-wedding-planner\/","url":"https:\/\/www.albaweddingsdesign.com\/gallery-playa-del-carmen-wedding-planner\/","name":"Planificador de Bodas en la Riviera Maya - Nuestra Galeria","isPartOf":{"@id":"https:\/\/www.albaweddingsdesign.com\/#website"},"datePublished":"2023-11-25T00:19:10+00:00","dateModified":"2024-03-13T00:25:16+00:00","description":"Somos un servicio de dise\u00f1o y planificaci\u00f3n de eventos con sede en la Riviera Maya, especializados en bodas de destino con estilo. Ofrecemos experiencias a medida y prestamos mucha atenci\u00f3n a cada detalle. Lo m\u00e1s importante es que priorizamos comprender su visi\u00f3n y garantizar una experiencia libre de estr\u00e9s. \u00a1Emb\u00e1rquemonos juntos en este viaje!","breadcrumb":{"@id":"https:\/\/www.albaweddingsdesign.com\/gallery-playa-del-carmen-wedding-planner\/#breadcrumb"},"inLanguage":"es","potentialAction":[{"@type":"ReadAction","target":["https:\/\/www.albaweddingsdesign.com\/gallery-playa-del-carmen-wedding-planner\/"]}]},{"@type":"BreadcrumbList","@id":"https:\/\/www.albaweddingsdesign.com\/gallery-playa-del-carmen-wedding-planner\/#breadcrumb","itemListElement":[{"@type":"ListItem","position":1,"name":"Accueil","item":"https:\/\/www.albaweddingsdesign.com\/es\/"},{"@type":"ListItem","position":2,"name":"Galeria"}]},{"@type":"WebSite","@id":"https:\/\/www.albaweddingsdesign.com\/#website","url":"https:\/\/www.albaweddingsdesign.com\/","name":"Your Wedding Planned Your Way In The Beautiful Riviera Maya Mexico","description":"We plan and bring your wedding day dreams to life 100% stress and worry free in the beautiful riviera maya mexico.","publisher":{"@id":"https:\/\/www.albaweddingsdesign.com\/#organization"},"potentialAction":[{"@type":"SearchAction","target":{"@type":"EntryPoint","urlTemplate":"https:\/\/www.albaweddingsdesign.com\/?s={search_term_string}"},"query-input":"required name=search_term_string"}],"inLanguage":"es"},{"@type":"Organization","@id":"https:\/\/www.albaweddingsdesign.com\/#organization","name":"Alba Weddings Design","url":"https:\/\/www.albaweddingsdesign.com\/","logo":{"@type":"ImageObject","inLanguage":"es","@id":"https:\/\/www.albaweddingsdesign.com\/#\/schema\/logo\/image\/","url":"https:\/\/www.albaweddingsdesign.com\/wp-content\/uploads\/2015\/07\/logo3-copia.png","contentUrl":"https:\/\/www.albaweddingsdesign.com\/wp-content\/uploads\/2015\/07\/logo3-copia.png","width":361,"height":358,"caption":"Alba Weddings Design"},"image":{"@id":"https:\/\/www.albaweddingsdesign.com\/#\/schema\/logo\/image\/"},"sameAs":["https:\/\/www.facebook.com\/albaweddingsdesign","https:\/\/www.instagram.com\/albaweddingsdesign\/"]}]}},"_links":{"self":[{"href":"https:\/\/www.albaweddingsdesign.com\/es\/wp-json\/wp\/v2\/pages\/13603"}],"collection":[{"href":"https:\/\/www.albaweddingsdesign.com\/es\/wp-json\/wp\/v2\/pages"}],"about":[{"href":"https:\/\/www.albaweddingsdesign.com\/es\/wp-json\/wp\/v2\/types\/page"}],"author":[{"embeddable":true,"href":"https:\/\/www.albaweddingsdesign.com\/es\/wp-json\/wp\/v2\/users\/2"}],"replies":[{"embeddable":true,"href":"https:\/\/www.albaweddingsdesign.com\/es\/wp-json\/wp\/v2\/comments?post=13603"}],"version-history":[{"count":3,"href":"https:\/\/www.albaweddingsdesign.com\/es\/wp-json\/wp\/v2\/pages\/13603\/revisions"}],"predecessor-version":[{"id":13675,"href":"https:\/\/www.albaweddingsdesign.com\/es\/wp-json\/wp\/v2\/pages\/13603\/revisions\/13675"}],"wp:attachment":[{"href":"https:\/\/www.albaweddingsdesign.com\/es\/wp-json\/wp\/v2\/media?parent=13603"}],"curies":[{"name":"wp","href":"https:\/\/api.w.org\/{rel}","templated":true}]}}