{"id":13607,"date":"2023-11-24T19:33:25","date_gmt":"2023-11-25T00:33:25","guid":{"rendered":"https:\/\/www.albaweddingsdesign.com\/?page_id=13607"},"modified":"2024-03-12T19:25:38","modified_gmt":"2024-03-13T00:25:38","slug":"simbolica-playa-del-carmen-wedding-planner","status":"publish","type":"page","link":"https:\/\/www.albaweddingsdesign.com\/es\/ceremonias-planificador-de-bodas-en-riviera-maya\/simbolica-playa-del-carmen-wedding-planner\/","title":{"rendered":"Ceremonia Simb\u00f3lica"},"content":{"rendered":"<p>[et_pb_section fb_built=\u00bb1&#8243; admin_label=\u00bbsection\u00bb _builder_version=\u00bb4.16&#8243; custom_margin=\u00bb||0px|\u00bb custom_padding=\u00bb0px||0px|||\u00bb global_colors_info=\u00bb{}\u00bb][et_pb_row admin_label=\u00bbrow\u00bb _builder_version=\u00bb4.16&#8243; background_size=\u00bbinitial\u00bb background_position=\u00bbtop_left\u00bb background_repeat=\u00bbrepeat\u00bb locked=\u00bboff\u00bb global_colors_info=\u00bb{}\u00bb][et_pb_column type=\u00bb4_4&#8243; _builder_version=\u00bb4.16&#8243; custom_padding=\u00bb|||\u00bb global_colors_info=\u00bb{}\u00bb custom_padding__hover=\u00bb|||\u00bb][et_pb_cta title=\u00bbCeremonia Simb\u00f3lica\u00bb button_url=\u00bbhttps:\/\/www.albaweddingsdesign.com\/ceremonies\/\u00bb admin_label=\u00bbLlamada a la acci\u00f3n\u00bb _builder_version=\u00bb4.22.1&#8243; header_font=\u00bbMiller Display||||||||\u00bb header_text_align=\u00bbcenter\u00bb header_text_color=\u00bb#7f6e61&#8243; header_line_height=\u00bb46px\u00bb body_font=\u00bbLato|300|||||||\u00bb body_text_align=\u00bbcenter\u00bb body_text_color=\u00bb#7f6e61&#8243; body_font_size=\u00bb16px\u00bb use_background_color=\u00bboff\u00bb custom_button=\u00bbon\u00bb button_text_color=\u00bb#000000&#8243; button_alignment=\u00bbcenter\u00bb background_layout=\u00bblight\u00bb custom_padding=\u00bb||||false|false\u00bb custom_padding_tablet=\u00bb||||false|false\u00bb custom_padding_phone=\u00bb|20px||20px|false|false\u00bb custom_padding_last_edited=\u00bbon|phone\u00bb hover_enabled=\u00bb0&#8243; button_alignment_tablet=\u00bb\u00bb button_alignment_phone=\u00bbcenter\u00bb button_alignment_last_edited=\u00bbon|phone\u00bb use_border_color=\u00bboff\u00bb locked=\u00bboff\u00bb global_colors_info=\u00bb{}\u00bb button_text_size__hover_enabled=\u00bboff\u00bb button_one_text_size__hover_enabled=\u00bboff\u00bb button_two_text_size__hover_enabled=\u00bboff\u00bb button_text_color__hover_enabled=\u00bboff\u00bb button_one_text_color__hover_enabled=\u00bboff\u00bb button_two_text_color__hover_enabled=\u00bboff\u00bb button_border_width__hover_enabled=\u00bboff\u00bb button_one_border_width__hover_enabled=\u00bboff\u00bb button_two_border_width__hover_enabled=\u00bboff\u00bb button_border_color__hover_enabled=\u00bboff\u00bb button_one_border_color__hover_enabled=\u00bboff\u00bb button_two_border_color__hover_enabled=\u00bboff\u00bb button_border_radius__hover_enabled=\u00bboff\u00bb button_one_border_radius__hover_enabled=\u00bboff\u00bb button_two_border_radius__hover_enabled=\u00bboff\u00bb button_letter_spacing__hover_enabled=\u00bboff\u00bb button_one_letter_spacing__hover_enabled=\u00bboff\u00bb button_two_letter_spacing__hover_enabled=\u00bboff\u00bb button_bg_color__hover_enabled=\u00bboff\u00bb button_one_bg_color__hover_enabled=\u00bboff\u00bb button_two_bg_color__hover_enabled=\u00bboff\u00bb sticky_enabled=\u00bb0&#8243;]<\/p>\n<p>La ceremonia simb\u00f3lica es perfecta para quienes ya est\u00e1n casados y desean renovar sus votos, o simplemente para una declaraci\u00f3n de amor.<\/p>\n<p>Este tipo de ritual tambi\u00e9n se ofrece para personas que deseen celebrar nupcias de plata u oro.<\/p>\n<p>El rito simb\u00f3lico no sigue una regla fija.<\/p>\n<p>Los novios pueden elegir el lugar donde realizar la ceremonia y su contenido.<\/p>\n<p>La ceremonia simb\u00f3lica ofrece un discurso ceremonial profundo para los participantes y enriquecido con elementos personales aportados por los novios.<\/p>\n<p>La ceremonia puede ser organizada por un pastor o un miembro de la familia y puedes personalizar este d\u00eda como quieras.<\/p>\n<p>Recuerde que la ceremonia simb\u00f3lica no tiene valor legal ni jur\u00eddico, ni sacramento para la iglesia.<\/p>\n<p>[\/et_pb_cta][\/et_pb_column][\/et_pb_row][et_pb_row module_class=\u00bbwpz-gallery-masonry\u00bb _builder_version=\u00bb4.22.1&#8243; _module_preset=\u00bbdefault\u00bb locked=\u00bboff\u00bb global_colors_info=\u00bb{}\u00bb][et_pb_column type=\u00bb4_4&#8243; _builder_version=\u00bb4.22.1&#8243; _module_preset=\u00bbdefault\u00bb global_colors_info=\u00bb{}\u00bb][et_pb_gallery gallery_ids=\u00bb12804,12805,12806,12807,12808,12809,12810,12811,12812&#8243; posts_number=\u00bb12&#8243; orientation=\u00bbportrait\u00bb show_title_and_caption=\u00bboff\u00bb show_pagination=\u00bboff\u00bb _builder_version=\u00bb4.22.1&#8243; _module_preset=\u00bbdefault\u00bb global_colors_info=\u00bb{}\u00bb][\/et_pb_gallery][\/et_pb_column][\/et_pb_row][\/et_pb_section][et_pb_section fb_built=\u00bb1&#8243; custom_padding_last_edited=\u00bbon|phone\u00bb _builder_version=\u00bb4.22.1&#8243; _module_preset=\u00bbdefault\u00bb background_color=\u00bb#efeeec\u00bb custom_margin=\u00bb50px|||||\u00bb custom_padding_tablet=\u00bb\u00bb custom_padding_phone=\u00bb|20px||20px|false|false\u00bb locked=\u00bboff\u00bb global_colors_info=\u00bb{}\u00bb][et_pb_row column_structure=\u00bb1_2,1_2&#8243; _builder_version=\u00bb4.22.1&#8243; _module_preset=\u00bbdefault\u00bb width=\u00bb100%\u00bb custom_margin=\u00bb||||false|false\u00bb custom_padding=\u00bb||||false|true\u00bb hover_enabled=\u00bb0&#8243; global_colors_info=\u00bb{}\u00bb sticky_enabled=\u00bb0&#8243;][et_pb_column type=\u00bb1_2&#8243; _builder_version=\u00bb4.22.1&#8243; _module_preset=\u00bbdefault\u00bb global_colors_info=\u00bb{}\u00bb][et_pb_cta title=\u00bb\u00a1Cont\u00e1ctanos!\u00bb button_url=\u00bbhttps:\/\/www.albaweddingsdesign.com\/ceremonies\/\u00bb admin_label=\u00bbLlamada a la acci\u00f3n\u00bb _builder_version=\u00bb4.22.1&#8243; header_font=\u00bbMiller Display||||||||\u00bb header_text_align=\u00bbleft\u00bb header_text_color=\u00bb#7f6e61&#8243; header_line_height=\u00bb46px\u00bb body_font=\u00bbLato|300|||||||\u00bb body_text_align=\u00bbcenter\u00bb body_text_color=\u00bb#7f6e61&#8243; body_font_size=\u00bb16px\u00bb use_background_color=\u00bboff\u00bb custom_button=\u00bbon\u00bb button_text_color=\u00bb#000000&#8243; button_alignment=\u00bbcenter\u00bb text_orientation=\u00bbleft\u00bb background_layout=\u00bblight\u00bb custom_padding=\u00bb||||false|false\u00bb hover_enabled=\u00bb0&#8243; button_alignment_tablet=\u00bb\u00bb button_alignment_phone=\u00bbcenter\u00bb button_alignment_last_edited=\u00bbon|phone\u00bb use_border_color=\u00bboff\u00bb global_colors_info=\u00bb{}\u00bb button_text_size__hover_enabled=\u00bboff\u00bb button_one_text_size__hover_enabled=\u00bboff\u00bb button_two_text_size__hover_enabled=\u00bboff\u00bb button_text_color__hover_enabled=\u00bboff\u00bb button_one_text_color__hover_enabled=\u00bboff\u00bb button_two_text_color__hover_enabled=\u00bboff\u00bb button_border_width__hover_enabled=\u00bboff\u00bb button_one_border_width__hover_enabled=\u00bboff\u00bb button_two_border_width__hover_enabled=\u00bboff\u00bb button_border_color__hover_enabled=\u00bboff\u00bb button_one_border_color__hover_enabled=\u00bboff\u00bb button_two_border_color__hover_enabled=\u00bboff\u00bb button_border_radius__hover_enabled=\u00bboff\u00bb button_one_border_radius__hover_enabled=\u00bboff\u00bb button_two_border_radius__hover_enabled=\u00bboff\u00bb button_letter_spacing__hover_enabled=\u00bboff\u00bb button_one_letter_spacing__hover_enabled=\u00bboff\u00bb button_two_letter_spacing__hover_enabled=\u00bboff\u00bb button_bg_color__hover_enabled=\u00bboff\u00bb button_one_bg_color__hover_enabled=\u00bboff\u00bb button_two_bg_color__hover_enabled=\u00bboff\u00bb sticky_enabled=\u00bb0&#8243;]<\/p>\n<p style=\"text-align: left;\">\u00a1Nos encantar\u00eda conocerte un poquito mejor, y si est\u00e1s aqu\u00ed es porque podr\u00edamos ser grandes amigos!<\/p>\n<p style=\"text-align: left;\">No guardes el secreto, cu\u00e9ntanos todo lo que te pasa por la cabeza y comparte lo importante que es esto para ti.<\/p>\n<p>[\/et_pb_cta][\/et_pb_column][et_pb_column type=\u00bb1_2&#8243; _builder_version=\u00bb4.22.1&#8243; _module_preset=\u00bbdefault\u00bb global_colors_info=\u00bb{}\u00bb][et_pb_text _builder_version=\u00bb4.22.1&#8243; _module_preset=\u00bbdefault\u00bb hover_enabled=\u00bb0&#8243; global_colors_info=\u00bb{}\u00bb sticky_enabled=\u00bb0&#8243;]<\/p>\n<div class=\"wpforms-container wpforms-container-full\" id=\"wpforms-13560\"><form id=\"wpforms-form-13560\" class=\"wpforms-validate wpforms-form wpforms-ajax-form\" data-formid=\"13560\" method=\"post\" enctype=\"multipart\/form-data\" action=\"\/es\/wp-json\/wp\/v2\/pages\/13607\" data-token=\"99ed9b6917dd983f0b73c85299261450\"><noscript class=\"wpforms-error-noscript\">Por favor, activa JavaScript en tu navegador para completar este formulario.<\/noscript><div class=\"wpforms-field-container\"><div id=\"wpforms-13560-field_1-container\" class=\"wpforms-field wpforms-field-email\" data-field-id=\"1\"><label class=\"wpforms-field-label wpforms-label-hide\" for=\"wpforms-13560-field_1\">Tu Correo Electr\u00f3nico <span class=\"wpforms-required-label\">*<\/span><\/label><input type=\"email\" id=\"wpforms-13560-field_1\" class=\"wpforms-field-large wpforms-field-required\" name=\"wpforms[fields][1]\" placeholder=\"Correo Electr\u00f3nico\" spellcheck=\"false\" required><\/div><div id=\"wpforms-13560-field_7-container\" class=\"wpforms-field wpforms-field-layout\" data-field-id=\"7\"><label class=\"wpforms-field-label wpforms-label-hide\" for=\"wpforms-13560-field_7\">Layout<\/label><div class=\"wpforms-field-layout-columns wpforms-field-layout-preset-50-50\"><div class=\"wpforms-layout-column wpforms-layout-column-50\"><div id=\"wpforms-13560-field_0-container\" class=\"wpforms-field wpforms-field-name\" data-field-id=\"0\"><label class=\"wpforms-field-label wpforms-label-hide\" for=\"wpforms-13560-field_0\">Nombre <span class=\"wpforms-required-label\">*<\/span><\/label><input type=\"text\" id=\"wpforms-13560-field_0\" class=\"wpforms-field-small wpforms-field-required\" name=\"wpforms[fields][0]\" placeholder=\"Nombre\" required><\/div><div id=\"wpforms-13560-field_5-container\" class=\"wpforms-field wpforms-field-date-time\" data-field-id=\"5\"><label class=\"wpforms-field-label wpforms-label-hide\" for=\"wpforms-13560-field_5\">Fecha del Evento <span class=\"wpforms-required-label\">*<\/span><\/label><div class=\"wpforms-datepicker-wrap\"><input type=\"text\" id=\"wpforms-13560-field_5\" class=\"wpforms-field-date-time-date wpforms-datepicker wpforms-field-required wpforms-field-small\" data-date-format=\"m\/d\/Y\" data-disable-past-dates=\"1\" data-input=\"true\" name=\"wpforms[fields][5][date]\" placeholder=\"Fecha del Evento\" required><a title=\"Borrar fecha\" data-clear class=\"wpforms-datepicker-clear\" style=\"display:none;\"><\/a><\/div><\/div><\/div><div class=\"wpforms-layout-column wpforms-layout-column-50\"><div id=\"wpforms-13560-field_4-container\" class=\"wpforms-field wpforms-field-phone\" data-field-id=\"4\"><label class=\"wpforms-field-label wpforms-label-hide\" for=\"wpforms-13560-field_4\">Tel\u00e9fono <span class=\"wpforms-required-label\">*<\/span><\/label><input type=\"tel\" id=\"wpforms-13560-field_4\" class=\"wpforms-field-small wpforms-field-required wpforms-smart-phone-field\" data-rule-smart-phone-field=\"true\" name=\"wpforms[fields][4]\" placeholder=\"Tel\u00e9fono\" required><\/div><div id=\"wpforms-13560-field_6-container\" class=\"wpforms-field wpforms-field-number-slider\" data-field-id=\"6\"><label class=\"wpforms-field-label\" for=\"wpforms-13560-field_6\">Invitados<\/label>\n<input\n\ttype=\"range\"\n\tid=\"wpforms-13560-field_6\" class=\"wpforms-field-small\" name=\"wpforms[fields][6]\" value=\"50\"\t\tvalue=\"50\"\n\tmin=\"0\"\n\tmax=\"1000\"\n\tstep=\"1\">\n\n<div class=\"wpforms-field-number-slider-hint\"\n\tdata-hint=\"#\u00a0of Invitados: {value}\">\n\t#\u00a0of Invitados: <b>50<\/b><\/div>\n<\/div><\/div><\/div><\/div><div id=\"wpforms-13560-field_2-container\" class=\"wpforms-field wpforms-field-textarea\" data-field-id=\"2\"><label class=\"wpforms-field-label wpforms-label-hide\" for=\"wpforms-13560-field_2\">Tus Preguntas <span class=\"wpforms-required-label\">*<\/span><\/label><textarea id=\"wpforms-13560-field_2\" class=\"wpforms-field-medium wpforms-field-required\" name=\"wpforms[fields][2]\" placeholder=\"\u00bfC\u00f3mo imaginas tu d\u00eda especial?\" required><\/textarea><\/div><\/div><!-- .wpforms-field-container --><input type=\"hidden\" name=\"wpforms[recaptcha]\" value=\"\"><div class=\"wpforms-submit-container\" ><input type=\"hidden\" name=\"wpforms[id]\" value=\"13560\"><input type=\"hidden\" name=\"wpforms[author]\" value=\"2\"><button type=\"submit\" name=\"wpforms[submit]\" id=\"wpforms-submit-13560\" class=\"wpforms-submit\" data-alt-text=\"Enviando...\" data-submit-text=\"Enviar\" aria-live=\"assertive\" value=\"wpforms-submit\">Enviar<\/button><img decoding=\"async\" src=\"https:\/\/www.albaweddingsdesign.com\/wp-content\/plugins\/wpforms\/assets\/images\/submit-spin.svg\" class=\"wpforms-submit-spinner\" style=\"display: none;\" width=\"26\" height=\"26\" alt=\"Cargando\"><\/div><\/form><\/div>  <!-- .wpforms-container -->\n<p>[\/et_pb_text][\/et_pb_column][\/et_pb_row][\/et_pb_section]<\/p>\n","protected":false},"excerpt":{"rendered":"<p>La ceremonia simb\u00f3lica es perfecta para quienes ya est\u00e1n casados y desean renovar sus votos, o simplemente para una declaraci\u00f3n de amor. Este tipo de ritual tambi\u00e9n se ofrece para personas que deseen celebrar nupcias de plata u oro. El rito simb\u00f3lico no sigue una regla fija. Los novios pueden elegir el lugar donde realizar [&hellip;]<\/p>\n","protected":false},"author":2,"featured_media":0,"parent":13581,"menu_order":0,"comment_status":"open","ping_status":"closed","template":"","meta":{"_et_pb_use_builder":"on","_et_pb_old_content":"","_et_gb_content_width":"","footnotes":""},"yoast_head":"<!-- This site is optimized with the Yoast SEO plugin v22.4 - https:\/\/yoast.com\/wordpress\/plugins\/seo\/ -->\n<title>Ceremonia Simb\u00f3lica en la Riviera Maya M\u00e9xico<\/title>\n<meta name=\"description\" content=\"Una ceremonia simb\u00f3lica tiene un ambiente m\u00e1s relajado, \u00a1muy adecuado para una reuni\u00f3n tropical caribe\u00f1a! Una Ceremonia Simb\u00f3lica tiene un ambiente caribe\u00f1o relajado y tropical, \u00a1perfecto para una reuni\u00f3n en el para\u00edso! Es ideal para renovaciones de votos y nupcias de plata y oro. Tienes la libertad de elegir un familiar o amigo para oficiar la ceremonia. Tambi\u00e9n es una oportunidad maravillosa para involucrar a sus hijos y convertirla en una celebraci\u00f3n del amor verdaderamente significativa.\" \/>\n<meta name=\"robots\" content=\"index, follow, max-snippet:-1, max-image-preview:large, max-video-preview:-1\" \/>\n<link rel=\"canonical\" href=\"https:\/\/www.albaweddingsdesign.com\/es\/ceremonies-riviera-maya-wedding-planner\/symbolic-ceremony-destination-wedding-planner-in-riviera-maya\/\" \/>\n<meta property=\"og:locale\" content=\"es_ES\" \/>\n<meta property=\"og:type\" content=\"article\" \/>\n<meta property=\"og:title\" content=\"Ceremonia Simb\u00f3lica en la Riviera Maya M\u00e9xico\" \/>\n<meta property=\"og:description\" content=\"Una ceremonia simb\u00f3lica tiene un ambiente m\u00e1s relajado, \u00a1muy adecuado para una reuni\u00f3n tropical caribe\u00f1a! Una Ceremonia Simb\u00f3lica tiene un ambiente caribe\u00f1o relajado y tropical, \u00a1perfecto para una reuni\u00f3n en el para\u00edso! Es ideal para renovaciones de votos y nupcias de plata y oro. Tienes la libertad de elegir un familiar o amigo para oficiar la ceremonia. Tambi\u00e9n es una oportunidad maravillosa para involucrar a sus hijos y convertirla en una celebraci\u00f3n del amor verdaderamente significativa.\" \/>\n<meta property=\"og:url\" content=\"https:\/\/www.albaweddingsdesign.com\/ceremonies-riviera-maya-wedding-planner\/symbolic-ceremony-destination-wedding-planner-in-riviera-maya\/\" \/>\n<meta property=\"og:site_name\" content=\"Alba Weddings Design: Your Wedding Planned Your Way In The Beautiful Riviera Maya Mexico\" \/>\n<meta property=\"article:publisher\" content=\"https:\/\/www.facebook.com\/albaweddingsdesign\" \/>\n<meta property=\"article:modified_time\" content=\"2024-03-13T00:25:38+00:00\" \/>\n<meta name=\"twitter:card\" content=\"summary_large_image\" \/>\n<meta name=\"twitter:label1\" content=\"Tiempo de lectura\" \/>\n\t<meta name=\"twitter:data1\" content=\"2 minutos\" \/>\n<!-- \/ Yoast SEO plugin. -->","yoast_head_json":{"title":"Ceremonia Simb\u00f3lica en la Riviera Maya M\u00e9xico","description":"Una ceremonia simb\u00f3lica tiene un ambiente m\u00e1s relajado, \u00a1muy adecuado para una reuni\u00f3n tropical caribe\u00f1a! Una Ceremonia Simb\u00f3lica tiene un ambiente caribe\u00f1o relajado y tropical, \u00a1perfecto para una reuni\u00f3n en el para\u00edso! Es ideal para renovaciones de votos y nupcias de plata y oro. Tienes la libertad de elegir un familiar o amigo para oficiar la ceremonia. Tambi\u00e9n es una oportunidad maravillosa para involucrar a sus hijos y convertirla en una celebraci\u00f3n del amor verdaderamente significativa.","robots":{"index":"index","follow":"follow","max-snippet":"max-snippet:-1","max-image-preview":"max-image-preview:large","max-video-preview":"max-video-preview:-1"},"canonical":"https:\/\/www.albaweddingsdesign.com\/es\/ceremonies-riviera-maya-wedding-planner\/symbolic-ceremony-destination-wedding-planner-in-riviera-maya\/","og_locale":"es_ES","og_type":"article","og_title":"Ceremonia Simb\u00f3lica en la Riviera Maya M\u00e9xico","og_description":"Una ceremonia simb\u00f3lica tiene un ambiente m\u00e1s relajado, \u00a1muy adecuado para una reuni\u00f3n tropical caribe\u00f1a! Una Ceremonia Simb\u00f3lica tiene un ambiente caribe\u00f1o relajado y tropical, \u00a1perfecto para una reuni\u00f3n en el para\u00edso! Es ideal para renovaciones de votos y nupcias de plata y oro. Tienes la libertad de elegir un familiar o amigo para oficiar la ceremonia. Tambi\u00e9n es una oportunidad maravillosa para involucrar a sus hijos y convertirla en una celebraci\u00f3n del amor verdaderamente significativa.","og_url":"https:\/\/www.albaweddingsdesign.com\/ceremonies-riviera-maya-wedding-planner\/symbolic-ceremony-destination-wedding-planner-in-riviera-maya\/","og_site_name":"Alba Weddings Design: Your Wedding Planned Your Way In The Beautiful Riviera Maya Mexico","article_publisher":"https:\/\/www.facebook.com\/albaweddingsdesign","article_modified_time":"2024-03-13T00:25:38+00:00","twitter_card":"summary_large_image","twitter_misc":{"Tiempo de lectura":"2 minutos"},"schema":{"@context":"https:\/\/schema.org","@graph":[{"@type":"WebPage","@id":"https:\/\/www.albaweddingsdesign.com\/ceremonies-riviera-maya-wedding-planner\/symbolic-ceremony-destination-wedding-planner-in-riviera-maya\/","url":"https:\/\/www.albaweddingsdesign.com\/ceremonies-riviera-maya-wedding-planner\/symbolic-ceremony-destination-wedding-planner-in-riviera-maya\/","name":"Ceremonia Simb\u00f3lica en la Riviera Maya M\u00e9xico","isPartOf":{"@id":"https:\/\/www.albaweddingsdesign.com\/#website"},"datePublished":"2023-11-25T00:33:25+00:00","dateModified":"2024-03-13T00:25:38+00:00","description":"Una ceremonia simb\u00f3lica tiene un ambiente m\u00e1s relajado, \u00a1muy adecuado para una reuni\u00f3n tropical caribe\u00f1a! Una Ceremonia Simb\u00f3lica tiene un ambiente caribe\u00f1o relajado y tropical, \u00a1perfecto para una reuni\u00f3n en el para\u00edso! Es ideal para renovaciones de votos y nupcias de plata y oro. Tienes la libertad de elegir un familiar o amigo para oficiar la ceremonia. Tambi\u00e9n es una oportunidad maravillosa para involucrar a sus hijos y convertirla en una celebraci\u00f3n del amor verdaderamente significativa.","breadcrumb":{"@id":"https:\/\/www.albaweddingsdesign.com\/ceremonies-riviera-maya-wedding-planner\/symbolic-ceremony-destination-wedding-planner-in-riviera-maya\/#breadcrumb"},"inLanguage":"es","potentialAction":[{"@type":"ReadAction","target":["https:\/\/www.albaweddingsdesign.com\/ceremonies-riviera-maya-wedding-planner\/symbolic-ceremony-destination-wedding-planner-in-riviera-maya\/"]}]},{"@type":"BreadcrumbList","@id":"https:\/\/www.albaweddingsdesign.com\/ceremonies-riviera-maya-wedding-planner\/symbolic-ceremony-destination-wedding-planner-in-riviera-maya\/#breadcrumb","itemListElement":[{"@type":"ListItem","position":1,"name":"Accueil","item":"https:\/\/www.albaweddingsdesign.com\/es\/"},{"@type":"ListItem","position":2,"name":"Ceremonias","item":"https:\/\/www.albaweddingsdesign.com\/ceremonies-riviera-maya-wedding-planner\/"},{"@type":"ListItem","position":3,"name":"Ceremonia Simb\u00f3lica"}]},{"@type":"WebSite","@id":"https:\/\/www.albaweddingsdesign.com\/#website","url":"https:\/\/www.albaweddingsdesign.com\/","name":"Your Wedding Planned Your Way In The Beautiful Riviera Maya Mexico","description":"We plan and bring your wedding day dreams to life 100% stress and worry free in the beautiful riviera maya mexico.","publisher":{"@id":"https:\/\/www.albaweddingsdesign.com\/#organization"},"potentialAction":[{"@type":"SearchAction","target":{"@type":"EntryPoint","urlTemplate":"https:\/\/www.albaweddingsdesign.com\/?s={search_term_string}"},"query-input":"required name=search_term_string"}],"inLanguage":"es"},{"@type":"Organization","@id":"https:\/\/www.albaweddingsdesign.com\/#organization","name":"Alba Weddings Design","url":"https:\/\/www.albaweddingsdesign.com\/","logo":{"@type":"ImageObject","inLanguage":"es","@id":"https:\/\/www.albaweddingsdesign.com\/#\/schema\/logo\/image\/","url":"https:\/\/www.albaweddingsdesign.com\/wp-content\/uploads\/2015\/07\/logo3-copia.png","contentUrl":"https:\/\/www.albaweddingsdesign.com\/wp-content\/uploads\/2015\/07\/logo3-copia.png","width":361,"height":358,"caption":"Alba Weddings Design"},"image":{"@id":"https:\/\/www.albaweddingsdesign.com\/#\/schema\/logo\/image\/"},"sameAs":["https:\/\/www.facebook.com\/albaweddingsdesign","https:\/\/www.instagram.com\/albaweddingsdesign\/"]}]}},"_links":{"self":[{"href":"https:\/\/www.albaweddingsdesign.com\/es\/wp-json\/wp\/v2\/pages\/13607"}],"collection":[{"href":"https:\/\/www.albaweddingsdesign.com\/es\/wp-json\/wp\/v2\/pages"}],"about":[{"href":"https:\/\/www.albaweddingsdesign.com\/es\/wp-json\/wp\/v2\/types\/page"}],"author":[{"embeddable":true,"href":"https:\/\/www.albaweddingsdesign.com\/es\/wp-json\/wp\/v2\/users\/2"}],"replies":[{"embeddable":true,"href":"https:\/\/www.albaweddingsdesign.com\/es\/wp-json\/wp\/v2\/comments?post=13607"}],"version-history":[{"count":2,"href":"https:\/\/www.albaweddingsdesign.com\/es\/wp-json\/wp\/v2\/pages\/13607\/revisions"}],"predecessor-version":[{"id":13621,"href":"https:\/\/www.albaweddingsdesign.com\/es\/wp-json\/wp\/v2\/pages\/13607\/revisions\/13621"}],"up":[{"embeddable":true,"href":"https:\/\/www.albaweddingsdesign.com\/es\/wp-json\/wp\/v2\/pages\/13581"}],"wp:attachment":[{"href":"https:\/\/www.albaweddingsdesign.com\/es\/wp-json\/wp\/v2\/media?parent=13607"}],"curies":[{"name":"wp","href":"https:\/\/api.w.org\/{rel}","templated":true}]}}