{"id":13634,"date":"2023-11-24T19:56:34","date_gmt":"2023-11-25T00:56:34","guid":{"rendered":"https:\/\/www.albaweddingsdesign.com\/?page_id=13634"},"modified":"2024-03-12T19:25:32","modified_gmt":"2024-03-13T00:25:32","slug":"elopements-planificador-de-bodas-en-playa-del-carmen","status":"publish","type":"page","link":"https:\/\/www.albaweddingsdesign.com\/es\/elopements-planificador-de-bodas-en-playa-del-carmen\/","title":{"rendered":"Elopements"},"content":{"rendered":"<p>[et_pb_section fb_built=\u00bb1&#8243; _builder_version=\u00bb4.22.1&#8243; _module_preset=\u00bbdefault\u00bb background_image=\u00bbhttps:\/\/www.albaweddingsdesign.com\/wp-content\/uploads\/2023\/09\/elopements-banner.jpg\u00bb background_position=\u00bbbottom_center\u00bb height=\u00bb500px\u00bb locked=\u00bboff\u00bb global_colors_info=\u00bb{}\u00bb][\/et_pb_section][et_pb_section fb_built=\u00bb1&#8243; _builder_version=\u00bb4.22.1&#8243; _module_preset=\u00bbdefault\u00bb custom_padding=\u00bb||70px|||\u00bb locked=\u00bboff\u00bb global_colors_info=\u00bb{}\u00bb][et_pb_row column_structure=\u00bb1_2,1_2&#8243; _builder_version=\u00bb4.22.1&#8243; _module_preset=\u00bbdefault\u00bb width=\u00bb100%\u00bb max_width=\u00bb80%\u00bb custom_margin=\u00bb||||false|false\u00bb custom_padding=\u00bb||||false|true\u00bb global_colors_info=\u00bb{}\u00bb][et_pb_column type=\u00bb1_2&#8243; _builder_version=\u00bb4.22.1&#8243; _module_preset=\u00bbdefault\u00bb global_colors_info=\u00bb{}\u00bb][et_pb_image src=\u00bbhttps:\/\/www.albaweddingsdesign.com\/wp-content\/uploads\/2023\/10\/elopements.jpg\u00bb title_text=\u00bbelopements\u00bb force_fullwidth=\u00bbon\u00bb _builder_version=\u00bb4.22.1&#8243; _module_preset=\u00bbdefault\u00bb global_colors_info=\u00bb{}\u00bb][\/et_pb_image][\/et_pb_column][et_pb_column type=\u00bb1_2&#8243; module_class=\u00bbelopements-title\u00bb _builder_version=\u00bb4.22.1&#8243; _module_preset=\u00bbdefault\u00bb background_color=\u00bb#efeeec\u00bb custom_padding=\u00bb80px|80px|80px|80px|true|true\u00bb custom_padding_tablet=\u00bb80px|80px|80px|80px|true|true\u00bb custom_padding_phone=\u00bb30px|10px|30px|10px|true|true\u00bb custom_padding_last_edited=\u00bbon|phone\u00bb global_colors_info=\u00bb{}\u00bb][et_pb_cta title=\u00bbElopements\u00bb button_url=\u00bbhttps:\/\/www.albaweddingsdesign.com\/ceremonies\/\u00bb admin_label=\u00bbLlamada a la acci\u00f3n\u00bb _builder_version=\u00bb4.22.1&#8243; header_font=\u00bbMiller Display||||||||\u00bb header_text_align=\u00bbcenter\u00bb header_text_color=\u00bb#7f6e61&#8243; header_line_height=\u00bb46px\u00bb body_font=\u00bbLato|300|||||||\u00bb body_text_align=\u00bbcenter\u00bb body_text_color=\u00bb#7f6e61&#8243; body_font_size=\u00bb16px\u00bb use_background_color=\u00bboff\u00bb custom_button=\u00bbon\u00bb button_text_color=\u00bb#000000&#8243; button_alignment=\u00bbcenter\u00bb background_layout=\u00bblight\u00bb custom_padding=\u00bb||||false|false\u00bb custom_padding_tablet=\u00bb||||false|false\u00bb custom_padding_phone=\u00bb|20px||20px|false|false\u00bb custom_padding_last_edited=\u00bbon|phone\u00bb button_alignment_tablet=\u00bb\u00bb button_alignment_phone=\u00bbcenter\u00bb button_alignment_last_edited=\u00bbon|phone\u00bb use_border_color=\u00bboff\u00bb global_colors_info=\u00bb{}\u00bb button_text_size__hover_enabled=\u00bboff\u00bb button_one_text_size__hover_enabled=\u00bboff\u00bb button_two_text_size__hover_enabled=\u00bboff\u00bb button_text_color__hover_enabled=\u00bboff\u00bb button_one_text_color__hover_enabled=\u00bboff\u00bb button_two_text_color__hover_enabled=\u00bboff\u00bb button_border_width__hover_enabled=\u00bboff\u00bb button_one_border_width__hover_enabled=\u00bboff\u00bb button_two_border_width__hover_enabled=\u00bboff\u00bb button_border_color__hover_enabled=\u00bboff\u00bb button_one_border_color__hover_enabled=\u00bboff\u00bb button_two_border_color__hover_enabled=\u00bboff\u00bb button_border_radius__hover_enabled=\u00bboff\u00bb button_one_border_radius__hover_enabled=\u00bboff\u00bb button_two_border_radius__hover_enabled=\u00bboff\u00bb button_letter_spacing__hover_enabled=\u00bboff\u00bb button_one_letter_spacing__hover_enabled=\u00bboff\u00bb button_two_letter_spacing__hover_enabled=\u00bboff\u00bb button_bg_color__hover_enabled=\u00bboff\u00bb button_one_bg_color__hover_enabled=\u00bboff\u00bb button_two_bg_color__hover_enabled=\u00bboff\u00bb]<\/p>\n<p>M\u00e9xico es el destino ideal para tu escapada de aventuras. Est\u00e1s listo para dar el paso y no quieres esperar a que nada ni nadie celebre tu amor. \u00a1Ven y casate en M\u00e9xico!<\/p>\n<p>Imagina una ceremonia de boda \u00edntima, ya sea una celebraci\u00f3n civil, maya o simb\u00f3lica, solo t\u00fa y tu amada. Y oye, si quieres invitar a un par de amigos cercanos, \u00bfpor qu\u00e9 no? \u00a1Es tu d\u00eda especial, despu\u00e9s de todo! \u00a1No solo tendr\u00e1 una boda memorable, sino tambi\u00e9n unas vacaciones y una luna de miel, todo en uno!<\/p>\n<p>[\/et_pb_cta][et_pb_button button_url=\u00bb#contact\u00bb button_text=\u00bbOBTEN UNA COTIZACI\u00d3N\u00bb button_alignment=\u00bbcenter\u00bb button_alignment_tablet=\u00bbleft\u00bb button_alignment_phone=\u00bbcenter\u00bb button_alignment_last_edited=\u00bbon|phone\u00bb _builder_version=\u00bb4.22.1&#8243; _module_preset=\u00bbdefault\u00bb custom_button=\u00bbon\u00bb button_text_size=\u00bb14px\u00bb button_text_color=\u00bb#FFFFFF\u00bb button_bg_color=\u00bb#9a7f6a\u00bb button_border_width=\u00bb0px\u00bb button_font=\u00bbLato||||||||\u00bb button_use_icon=\u00bboff\u00bb background_layout=\u00bbdark\u00bb custom_padding=\u00bb10px|40px|10px|40px|true|true\u00bb global_colors_info=\u00bb{}\u00bb][\/et_pb_button][\/et_pb_column][\/et_pb_row][\/et_pb_section][et_pb_section fb_built=\u00bb1&#8243; custom_padding_last_edited=\u00bbon|phone\u00bb module_id=\u00bbcontact\u00bb _builder_version=\u00bb4.22.1&#8243; _module_preset=\u00bbdefault\u00bb background_color=\u00bb#efeeec\u00bb custom_padding_tablet=\u00bb\u00bb custom_padding_phone=\u00bb|20px||20px|false|false\u00bb locked=\u00bboff\u00bb global_colors_info=\u00bb{}\u00bb][et_pb_row column_structure=\u00bb1_2,1_2&#8243; _builder_version=\u00bb4.22.1&#8243; _module_preset=\u00bbdefault\u00bb width=\u00bb100%\u00bb custom_margin=\u00bb||||false|false\u00bb custom_padding=\u00bb||||false|true\u00bb global_colors_info=\u00bb{}\u00bb][et_pb_column type=\u00bb1_2&#8243; _builder_version=\u00bb4.22.1&#8243; _module_preset=\u00bbdefault\u00bb global_colors_info=\u00bb{}\u00bb][et_pb_cta title=\u00bb\u00a1Cont\u00e1ctanos!\u00bb button_url=\u00bbhttps:\/\/www.albaweddingsdesign.com\/ceremonies\/\u00bb admin_label=\u00bbLlamada a la acci\u00f3n\u00bb _builder_version=\u00bb4.22.1&#8243; header_font=\u00bbMiller Display||||||||\u00bb header_text_align=\u00bbleft\u00bb header_text_color=\u00bb#7f6e61&#8243; header_line_height=\u00bb46px\u00bb body_font=\u00bbLato|300|||||||\u00bb body_text_align=\u00bbcenter\u00bb body_text_color=\u00bb#7f6e61&#8243; body_font_size=\u00bb16px\u00bb use_background_color=\u00bboff\u00bb custom_button=\u00bbon\u00bb button_text_color=\u00bb#000000&#8243; button_alignment=\u00bbcenter\u00bb text_orientation=\u00bbleft\u00bb background_layout=\u00bblight\u00bb custom_padding=\u00bb||||false|false\u00bb button_alignment_tablet=\u00bb\u00bb button_alignment_phone=\u00bbcenter\u00bb button_alignment_last_edited=\u00bbon|phone\u00bb use_border_color=\u00bboff\u00bb global_colors_info=\u00bb{}\u00bb button_text_size__hover_enabled=\u00bboff\u00bb button_one_text_size__hover_enabled=\u00bboff\u00bb button_two_text_size__hover_enabled=\u00bboff\u00bb button_text_color__hover_enabled=\u00bboff\u00bb button_one_text_color__hover_enabled=\u00bboff\u00bb button_two_text_color__hover_enabled=\u00bboff\u00bb button_border_width__hover_enabled=\u00bboff\u00bb button_one_border_width__hover_enabled=\u00bboff\u00bb button_two_border_width__hover_enabled=\u00bboff\u00bb button_border_color__hover_enabled=\u00bboff\u00bb button_one_border_color__hover_enabled=\u00bboff\u00bb button_two_border_color__hover_enabled=\u00bboff\u00bb button_border_radius__hover_enabled=\u00bboff\u00bb button_one_border_radius__hover_enabled=\u00bboff\u00bb button_two_border_radius__hover_enabled=\u00bboff\u00bb button_letter_spacing__hover_enabled=\u00bboff\u00bb button_one_letter_spacing__hover_enabled=\u00bboff\u00bb button_two_letter_spacing__hover_enabled=\u00bboff\u00bb button_bg_color__hover_enabled=\u00bboff\u00bb button_one_bg_color__hover_enabled=\u00bboff\u00bb button_two_bg_color__hover_enabled=\u00bboff\u00bb]<\/p>\n<p style=\"text-align: left;\">\u00a1Nos encantar\u00eda conocerte un poquito mejor, y si est\u00e1s aqu\u00ed es porque podr\u00edamos ser grandes amigos!<\/p>\n<p style=\"text-align: left;\">No guardes el secreto, cu\u00e9ntanos todo lo que te pasa por la cabeza y comparte lo importante que es esto para ti.<\/p>\n<p>[\/et_pb_cta][\/et_pb_column][et_pb_column type=\u00bb1_2&#8243; _builder_version=\u00bb4.22.1&#8243; _module_preset=\u00bbdefault\u00bb global_colors_info=\u00bb{}\u00bb][et_pb_text _builder_version=\u00bb4.22.1&#8243; _module_preset=\u00bbdefault\u00bb global_colors_info=\u00bb{}\u00bb]<\/p>\n<div class=\"wpforms-container wpforms-container-full\" id=\"wpforms-13560\"><form id=\"wpforms-form-13560\" class=\"wpforms-validate wpforms-form wpforms-ajax-form\" data-formid=\"13560\" method=\"post\" enctype=\"multipart\/form-data\" action=\"\/es\/wp-json\/wp\/v2\/pages\/13634\" data-token=\"99ed9b6917dd983f0b73c85299261450\"><noscript class=\"wpforms-error-noscript\">Por favor, activa JavaScript en tu navegador para completar este formulario.<\/noscript><div class=\"wpforms-field-container\"><div id=\"wpforms-13560-field_1-container\" class=\"wpforms-field wpforms-field-email\" data-field-id=\"1\"><label class=\"wpforms-field-label wpforms-label-hide\" for=\"wpforms-13560-field_1\">Tu Correo Electr\u00f3nico <span class=\"wpforms-required-label\">*<\/span><\/label><input type=\"email\" id=\"wpforms-13560-field_1\" class=\"wpforms-field-large wpforms-field-required\" name=\"wpforms[fields][1]\" placeholder=\"Correo Electr\u00f3nico\" spellcheck=\"false\" required><\/div><div id=\"wpforms-13560-field_7-container\" class=\"wpforms-field wpforms-field-layout\" data-field-id=\"7\"><label class=\"wpforms-field-label wpforms-label-hide\" for=\"wpforms-13560-field_7\">Layout<\/label><div class=\"wpforms-field-layout-columns wpforms-field-layout-preset-50-50\"><div class=\"wpforms-layout-column wpforms-layout-column-50\"><div id=\"wpforms-13560-field_0-container\" class=\"wpforms-field wpforms-field-name\" data-field-id=\"0\"><label class=\"wpforms-field-label wpforms-label-hide\" for=\"wpforms-13560-field_0\">Nombre <span class=\"wpforms-required-label\">*<\/span><\/label><input type=\"text\" id=\"wpforms-13560-field_0\" class=\"wpforms-field-small wpforms-field-required\" name=\"wpforms[fields][0]\" placeholder=\"Nombre\" required><\/div><div id=\"wpforms-13560-field_5-container\" class=\"wpforms-field wpforms-field-date-time\" data-field-id=\"5\"><label class=\"wpforms-field-label wpforms-label-hide\" for=\"wpforms-13560-field_5\">Fecha del Evento <span class=\"wpforms-required-label\">*<\/span><\/label><div class=\"wpforms-datepicker-wrap\"><input type=\"text\" id=\"wpforms-13560-field_5\" class=\"wpforms-field-date-time-date wpforms-datepicker wpforms-field-required wpforms-field-small\" data-date-format=\"m\/d\/Y\" data-disable-past-dates=\"1\" data-input=\"true\" name=\"wpforms[fields][5][date]\" placeholder=\"Fecha del Evento\" required><a title=\"Borrar fecha\" data-clear class=\"wpforms-datepicker-clear\" style=\"display:none;\"><\/a><\/div><\/div><\/div><div class=\"wpforms-layout-column wpforms-layout-column-50\"><div id=\"wpforms-13560-field_4-container\" class=\"wpforms-field wpforms-field-phone\" data-field-id=\"4\"><label class=\"wpforms-field-label wpforms-label-hide\" for=\"wpforms-13560-field_4\">Tel\u00e9fono <span class=\"wpforms-required-label\">*<\/span><\/label><input type=\"tel\" id=\"wpforms-13560-field_4\" class=\"wpforms-field-small wpforms-field-required wpforms-smart-phone-field\" data-rule-smart-phone-field=\"true\" name=\"wpforms[fields][4]\" placeholder=\"Tel\u00e9fono\" required><\/div><div id=\"wpforms-13560-field_6-container\" class=\"wpforms-field wpforms-field-number-slider\" data-field-id=\"6\"><label class=\"wpforms-field-label\" for=\"wpforms-13560-field_6\">Invitados<\/label>\n<input\n\ttype=\"range\"\n\tid=\"wpforms-13560-field_6\" class=\"wpforms-field-small\" name=\"wpforms[fields][6]\" value=\"50\"\t\tvalue=\"50\"\n\tmin=\"0\"\n\tmax=\"1000\"\n\tstep=\"1\">\n\n<div class=\"wpforms-field-number-slider-hint\"\n\tdata-hint=\"#\u00a0of Invitados: {value}\">\n\t#\u00a0of Invitados: <b>50<\/b><\/div>\n<\/div><\/div><\/div><\/div><div id=\"wpforms-13560-field_2-container\" class=\"wpforms-field wpforms-field-textarea\" data-field-id=\"2\"><label class=\"wpforms-field-label wpforms-label-hide\" for=\"wpforms-13560-field_2\">Tus Preguntas <span class=\"wpforms-required-label\">*<\/span><\/label><textarea id=\"wpforms-13560-field_2\" class=\"wpforms-field-medium wpforms-field-required\" name=\"wpforms[fields][2]\" placeholder=\"\u00bfC\u00f3mo imaginas tu d\u00eda especial?\" required><\/textarea><\/div><\/div><!-- .wpforms-field-container --><input type=\"hidden\" name=\"wpforms[recaptcha]\" value=\"\"><div class=\"wpforms-submit-container\" ><input type=\"hidden\" name=\"wpforms[id]\" value=\"13560\"><input type=\"hidden\" name=\"wpforms[author]\" value=\"2\"><button type=\"submit\" name=\"wpforms[submit]\" id=\"wpforms-submit-13560\" class=\"wpforms-submit\" data-alt-text=\"Enviando...\" data-submit-text=\"Enviar\" aria-live=\"assertive\" value=\"wpforms-submit\">Enviar<\/button><img decoding=\"async\" src=\"https:\/\/www.albaweddingsdesign.com\/wp-content\/plugins\/wpforms\/assets\/images\/submit-spin.svg\" class=\"wpforms-submit-spinner\" style=\"display: none;\" width=\"26\" height=\"26\" alt=\"Cargando\"><\/div><\/form><\/div>  <!-- .wpforms-container -->\n<p>[\/et_pb_text][\/et_pb_column][\/et_pb_row][\/et_pb_section]<\/p>\n","protected":false},"excerpt":{"rendered":"<p>M\u00e9xico es el destino ideal para tu escapada de aventuras. Est\u00e1s listo para dar el paso y no quieres esperar a que nada ni nadie celebre tu amor. \u00a1Ven y casate en M\u00e9xico! Imagina una ceremonia de boda \u00edntima, ya sea una celebraci\u00f3n civil, maya o simb\u00f3lica, solo t\u00fa y tu amada. Y oye, si [&hellip;]<\/p>\n","protected":false},"author":2,"featured_media":0,"parent":0,"menu_order":0,"comment_status":"open","ping_status":"closed","template":"","meta":{"_et_pb_use_builder":"on","_et_pb_old_content":"","_et_gb_content_width":"","footnotes":""},"yoast_head":"<!-- This site is optimized with the Yoast SEO plugin v22.4 - https:\/\/yoast.com\/wordpress\/plugins\/seo\/ -->\n<title>Elopements en la Riviera Maya - Alba Weddings Design<\/title>\n<meta name=\"description\" content=\"M\u00e9xico es el destino ideal para tu escapada de aventuras. Est\u00e1s listo para dar el paso y no quieres esperar a que nada ni nadie celebre tu amor. \u00a1Ven y casate en M\u00e9xico! Imagina una ceremonia de boda \u00edntima, ya sea una celebraci\u00f3n civil, maya o simb\u00f3lica, solo t\u00fa y tu amada. Y oye, si quieres invitar a un par de amigos cercanos, \u00bfpor qu\u00e9 no? \u00a1Es tu d\u00eda especial, despu\u00e9s de todo! \u00a1No solo tendr\u00e1 una boda memorable, sino tambi\u00e9n unas vacaciones y una luna de miel, todo en uno!\" \/>\n<meta name=\"robots\" content=\"index, follow, max-snippet:-1, max-image-preview:large, max-video-preview:-1\" \/>\n<link rel=\"canonical\" href=\"https:\/\/www.albaweddingsdesign.com\/es\/elopements\/\" \/>\n<meta property=\"og:locale\" content=\"es_ES\" \/>\n<meta property=\"og:type\" content=\"article\" \/>\n<meta property=\"og:title\" content=\"Elopements en la Riviera Maya - Alba Weddings Design\" \/>\n<meta property=\"og:description\" content=\"M\u00e9xico es el destino ideal para tu escapada de aventuras. Est\u00e1s listo para dar el paso y no quieres esperar a que nada ni nadie celebre tu amor. \u00a1Ven y casate en M\u00e9xico! Imagina una ceremonia de boda \u00edntima, ya sea una celebraci\u00f3n civil, maya o simb\u00f3lica, solo t\u00fa y tu amada. Y oye, si quieres invitar a un par de amigos cercanos, \u00bfpor qu\u00e9 no? \u00a1Es tu d\u00eda especial, despu\u00e9s de todo! \u00a1No solo tendr\u00e1 una boda memorable, sino tambi\u00e9n unas vacaciones y una luna de miel, todo en uno!\" \/>\n<meta property=\"og:url\" content=\"https:\/\/www.albaweddingsdesign.com\/elopements\/\" \/>\n<meta property=\"og:site_name\" content=\"Alba Weddings Design: Your Wedding Planned Your Way In The Beautiful Riviera Maya Mexico\" \/>\n<meta property=\"article:publisher\" content=\"https:\/\/www.facebook.com\/albaweddingsdesign\" \/>\n<meta property=\"article:modified_time\" content=\"2024-03-13T00:25:32+00:00\" \/>\n<meta name=\"twitter:card\" content=\"summary_large_image\" \/>\n<meta name=\"twitter:label1\" content=\"Tiempo de lectura\" \/>\n\t<meta name=\"twitter:data1\" content=\"1 minuto\" \/>\n<!-- \/ Yoast SEO plugin. -->","yoast_head_json":{"title":"Elopements en la Riviera Maya - Alba Weddings Design","description":"M\u00e9xico es el destino ideal para tu escapada de aventuras. Est\u00e1s listo para dar el paso y no quieres esperar a que nada ni nadie celebre tu amor. \u00a1Ven y casate en M\u00e9xico! Imagina una ceremonia de boda \u00edntima, ya sea una celebraci\u00f3n civil, maya o simb\u00f3lica, solo t\u00fa y tu amada. Y oye, si quieres invitar a un par de amigos cercanos, \u00bfpor qu\u00e9 no? \u00a1Es tu d\u00eda especial, despu\u00e9s de todo! \u00a1No solo tendr\u00e1 una boda memorable, sino tambi\u00e9n unas vacaciones y una luna de miel, todo en uno!","robots":{"index":"index","follow":"follow","max-snippet":"max-snippet:-1","max-image-preview":"max-image-preview:large","max-video-preview":"max-video-preview:-1"},"canonical":"https:\/\/www.albaweddingsdesign.com\/es\/elopements\/","og_locale":"es_ES","og_type":"article","og_title":"Elopements en la Riviera Maya - Alba Weddings Design","og_description":"M\u00e9xico es el destino ideal para tu escapada de aventuras. Est\u00e1s listo para dar el paso y no quieres esperar a que nada ni nadie celebre tu amor. \u00a1Ven y casate en M\u00e9xico! Imagina una ceremonia de boda \u00edntima, ya sea una celebraci\u00f3n civil, maya o simb\u00f3lica, solo t\u00fa y tu amada. Y oye, si quieres invitar a un par de amigos cercanos, \u00bfpor qu\u00e9 no? \u00a1Es tu d\u00eda especial, despu\u00e9s de todo! \u00a1No solo tendr\u00e1 una boda memorable, sino tambi\u00e9n unas vacaciones y una luna de miel, todo en uno!","og_url":"https:\/\/www.albaweddingsdesign.com\/elopements\/","og_site_name":"Alba Weddings Design: Your Wedding Planned Your Way In The Beautiful Riviera Maya Mexico","article_publisher":"https:\/\/www.facebook.com\/albaweddingsdesign","article_modified_time":"2024-03-13T00:25:32+00:00","twitter_card":"summary_large_image","twitter_misc":{"Tiempo de lectura":"1 minuto"},"schema":{"@context":"https:\/\/schema.org","@graph":[{"@type":"WebPage","@id":"https:\/\/www.albaweddingsdesign.com\/elopements\/","url":"https:\/\/www.albaweddingsdesign.com\/elopements\/","name":"Elopements en la Riviera Maya - Alba Weddings Design","isPartOf":{"@id":"https:\/\/www.albaweddingsdesign.com\/#website"},"datePublished":"2023-11-25T00:56:34+00:00","dateModified":"2024-03-13T00:25:32+00:00","description":"M\u00e9xico es el destino ideal para tu escapada de aventuras. Est\u00e1s listo para dar el paso y no quieres esperar a que nada ni nadie celebre tu amor. \u00a1Ven y casate en M\u00e9xico! Imagina una ceremonia de boda \u00edntima, ya sea una celebraci\u00f3n civil, maya o simb\u00f3lica, solo t\u00fa y tu amada. Y oye, si quieres invitar a un par de amigos cercanos, \u00bfpor qu\u00e9 no? \u00a1Es tu d\u00eda especial, despu\u00e9s de todo! \u00a1No solo tendr\u00e1 una boda memorable, sino tambi\u00e9n unas vacaciones y una luna de miel, todo en uno!","breadcrumb":{"@id":"https:\/\/www.albaweddingsdesign.com\/elopements\/#breadcrumb"},"inLanguage":"es","potentialAction":[{"@type":"ReadAction","target":["https:\/\/www.albaweddingsdesign.com\/elopements\/"]}]},{"@type":"BreadcrumbList","@id":"https:\/\/www.albaweddingsdesign.com\/elopements\/#breadcrumb","itemListElement":[{"@type":"ListItem","position":1,"name":"Accueil","item":"https:\/\/www.albaweddingsdesign.com\/es\/"},{"@type":"ListItem","position":2,"name":"Elopements"}]},{"@type":"WebSite","@id":"https:\/\/www.albaweddingsdesign.com\/#website","url":"https:\/\/www.albaweddingsdesign.com\/","name":"Your Wedding Planned Your Way In The Beautiful Riviera Maya Mexico","description":"We plan and bring your wedding day dreams to life 100% stress and worry free in the beautiful riviera maya mexico.","publisher":{"@id":"https:\/\/www.albaweddingsdesign.com\/#organization"},"potentialAction":[{"@type":"SearchAction","target":{"@type":"EntryPoint","urlTemplate":"https:\/\/www.albaweddingsdesign.com\/?s={search_term_string}"},"query-input":"required name=search_term_string"}],"inLanguage":"es"},{"@type":"Organization","@id":"https:\/\/www.albaweddingsdesign.com\/#organization","name":"Alba Weddings Design","url":"https:\/\/www.albaweddingsdesign.com\/","logo":{"@type":"ImageObject","inLanguage":"es","@id":"https:\/\/www.albaweddingsdesign.com\/#\/schema\/logo\/image\/","url":"https:\/\/www.albaweddingsdesign.com\/wp-content\/uploads\/2015\/07\/logo3-copia.png","contentUrl":"https:\/\/www.albaweddingsdesign.com\/wp-content\/uploads\/2015\/07\/logo3-copia.png","width":361,"height":358,"caption":"Alba Weddings Design"},"image":{"@id":"https:\/\/www.albaweddingsdesign.com\/#\/schema\/logo\/image\/"},"sameAs":["https:\/\/www.facebook.com\/albaweddingsdesign","https:\/\/www.instagram.com\/albaweddingsdesign\/"]}]}},"_links":{"self":[{"href":"https:\/\/www.albaweddingsdesign.com\/es\/wp-json\/wp\/v2\/pages\/13634"}],"collection":[{"href":"https:\/\/www.albaweddingsdesign.com\/es\/wp-json\/wp\/v2\/pages"}],"about":[{"href":"https:\/\/www.albaweddingsdesign.com\/es\/wp-json\/wp\/v2\/types\/page"}],"author":[{"embeddable":true,"href":"https:\/\/www.albaweddingsdesign.com\/es\/wp-json\/wp\/v2\/users\/2"}],"replies":[{"embeddable":true,"href":"https:\/\/www.albaweddingsdesign.com\/es\/wp-json\/wp\/v2\/comments?post=13634"}],"version-history":[{"count":4,"href":"https:\/\/www.albaweddingsdesign.com\/es\/wp-json\/wp\/v2\/pages\/13634\/revisions"}],"predecessor-version":[{"id":13673,"href":"https:\/\/www.albaweddingsdesign.com\/es\/wp-json\/wp\/v2\/pages\/13634\/revisions\/13673"}],"wp:attachment":[{"href":"https:\/\/www.albaweddingsdesign.com\/es\/wp-json\/wp\/v2\/media?parent=13634"}],"curies":[{"name":"wp","href":"https:\/\/api.w.org\/{rel}","templated":true}]}}